{"id":4228,"date":"2026-01-07T11:27:31","date_gmt":"2026-01-07T14:27:31","guid":{"rendered":"https:\/\/drcheckup.com.br\/loja\/?post_type=product&#038;p=4228"},"modified":"2026-02-16T14:36:28","modified_gmt":"2026-02-16T17:36:28","slug":"protocolo-de-emagrecimento-com-tirzepatida-25-4-semanas-2","status":"publish","type":"product","link":"https:\/\/drcheckup.com.br\/loja\/produto\/protocolo-de-emagrecimento-com-tirzepatida-25-4-semanas-2\/","title":{"rendered":"Protocolo de Emagrecimento com Tirzepatida 2,5 \u2013 4 Semanas"},"content":{"rendered":"<h4><b>Itens Inclusos no Protocolo<\/b><\/h4>\n<p><b>1x Consulta M\u00e9dica<\/b><\/p>\n<p><b>4 aplica\u00e7\u00f5es semanais de Tirzepatida 2,5 mg<\/b><\/p>\n<p><b>Pronto Atendimento 24h (P.A)<\/b><span style=\"font-weight: 400;\"> sem custos adicionais<\/span><\/p>\n","protected":false},"excerpt":{"rendered":"<p><span style=\"font-weight: 400;\">Servi\u00e7o m\u00e9dico integrado voltado ao tratamento do emagrecimento, com acompanhamento cl\u00ednico individualizado por 30 dias, utilizando <\/span><b>Tirzepatida na dosagem inicial de 2,5 mg<\/b><span style=\"font-weight: 400;\">, conforme indica\u00e7\u00e3o m\u00e9dica.<\/span><\/p>\n<h4><b>Itens Inclusos no Protocolo<\/b><\/h4>\n<p><b>1x Consulta M\u00e9dica<\/b><\/p>\n<ul>\n<li style=\"font-weight: 400;\" aria-level=\"1\"><span style=\"font-weight: 400;\">Avalia\u00e7\u00e3o cl\u00ednica completa do paciente<\/span><\/li>\n<li style=\"font-weight: 400;\" aria-level=\"1\"><span style=\"font-weight: 400;\">An\u00e1lise de hist\u00f3rico de sa\u00fade e crit\u00e9rios de elegibilidade<\/span><\/li>\n<li style=\"font-weight: 400;\" aria-level=\"1\"><span style=\"font-weight: 400;\">Defini\u00e7\u00e3o e confirma\u00e7\u00e3o da <\/span><b>titula\u00e7\u00e3o inicial de 2,5 mg<\/b><\/li>\n<li style=\"font-weight: 400;\" aria-level=\"1\"><span style=\"font-weight: 400;\">Prescri\u00e7\u00e3o m\u00e9dica<\/span><\/li>\n<li style=\"font-weight: 400;\" aria-level=\"1\"><span style=\"font-weight: 400;\">Orienta\u00e7\u00f5es detalhadas sobre o uso correto e poss\u00edveis efeitos colaterais<\/span><\/li>\n<\/ul>\n<p><b>4x Aplica\u00e7\u00f5es de Tirzepatida (Ciclo de 4 semanas)<\/b><\/p>\n<ul>\n<li style=\"font-weight: 400;\" aria-level=\"1\"><b>4 aplica\u00e7\u00f5es semanais de Tirzepatida 2,5 mg<\/b><\/li>\n<li style=\"font-weight: 400;\" aria-level=\"1\"><span style=\"font-weight: 400;\">Fornecimento da medica\u00e7\u00e3o conforme prescri\u00e7\u00e3o m\u00e9dica<\/span><\/li>\n<\/ul>\n<p><span style=\"font-weight: 400;\">Acompanhamento do ciclo inicial de adapta\u00e7\u00e3o ao tratamento<\/span><span style=\"font-weight: 400;\"><br \/>\n<\/span><\/p>\n<p><b>Pronto Atendimento 24h (P.A)<\/b><span style=\"font-weight: 400;\"> sem custos adicionais<\/span><\/p>\n","protected":false},"featured_media":4231,"template":"","meta":[],"product_brand":[],"product_cat":[48],"product_tag":[],"class_list":{"0":"post-4228","1":"product","2":"type-product","3":"status-publish","4":"has-post-thumbnail","6":"product_cat-emagrecimento","8":"first","9":"instock","10":"downloadable","11":"virtual","12":"taxable","13":"purchasable","14":"product-type-subscription"},"jetpack_sharing_enabled":true,"_links":{"self":[{"href":"https:\/\/drcheckup.com.br\/loja\/wp-json\/wp\/v2\/product\/4228","targetHints":{"allow":["GET"]}}],"collection":[{"href":"https:\/\/drcheckup.com.br\/loja\/wp-json\/wp\/v2\/product"}],"about":[{"href":"https:\/\/drcheckup.com.br\/loja\/wp-json\/wp\/v2\/types\/product"}],"wp:featuredmedia":[{"embeddable":true,"href":"https:\/\/drcheckup.com.br\/loja\/wp-json\/wp\/v2\/media\/4231"}],"wp:attachment":[{"href":"https:\/\/drcheckup.com.br\/loja\/wp-json\/wp\/v2\/media?parent=4228"}],"wp:term":[{"taxonomy":"product_brand","embeddable":true,"href":"https:\/\/drcheckup.com.br\/loja\/wp-json\/wp\/v2\/product_brand?post=4228"},{"taxonomy":"product_cat","embeddable":true,"href":"https:\/\/drcheckup.com.br\/loja\/wp-json\/wp\/v2\/product_cat?post=4228"},{"taxonomy":"product_tag","embeddable":true,"href":"https:\/\/drcheckup.com.br\/loja\/wp-json\/wp\/v2\/product_tag?post=4228"}],"curies":[{"name":"wp","href":"https:\/\/api.w.org\/{rel}","templated":true}]}}