{"id":2177,"date":"2025-08-06T10:51:25","date_gmt":"2025-08-06T13:51:25","guid":{"rendered":"https:\/\/drcheckup.com.br\/loja\/?post_type=product&#038;p=2177"},"modified":"2025-10-22T08:02:29","modified_gmt":"2025-10-22T11:02:29","slug":"check-up-esportivo-2","status":"publish","type":"product","link":"https:\/\/drcheckup.com.br\/loja\/produto\/check-up-esportivo-2\/","title":{"rendered":"CHECK-UP ESPORTIVO"},"content":{"rendered":"<h2><strong>O CHECK-UP ESPORTIVO inclui os seguintes exames<\/strong><\/h2>\n<p><strong>CREATININA<\/strong><br \/>\n<strong>GLICOSE<\/strong><br \/>\n<strong>HEMOGRAMA COMPLETO<\/strong><br \/>\n<strong>UREIA<\/strong><br \/>\n<strong>URINA I<\/strong><br \/>\n<strong>TRANSAMINASE GLUT\u00c2MICA OXA-LAC\u00c9TICA<\/strong><br \/>\n<strong>TRANSAMINASE GLUT\u00c2MICA PIR\u00da-VICA<\/strong><br \/>\n<strong>\u00c1CIDO \u00daRICO (DOSAGEM)<\/strong><br \/>\n<strong>C\u00c1LCIO<\/strong><br \/>\n<strong>COLESTEROL TOTAL<\/strong><\/p>\n<p><strong>HDL-COLESTEROL<\/strong><br \/>\n<strong>LDL &#8211; COLESTEROL<\/strong><br \/>\n<strong>VLDL &#8211; COLESTEROL<\/strong><\/p>\n<p><strong>TRIGLIC\u00c9RIDES<\/strong><br \/>\n<strong>CREATINO FOSFOQUINASE (CPK)<\/strong><br \/>\n<strong>FERRITINA<\/strong><br \/>\n<strong>POT\u00c1SSIO<\/strong><br \/>\n<strong>SODIO (DOSAGEM)<\/strong><br \/>\n<strong>\u00c1CIDO LACTICO<\/strong><br \/>\n<strong>PROTE\u00cdNAS TOTAIS E FRA\u00c7\u00d5ES<\/strong><\/p>\n<p><strong>TSH &#8211; HORM\u00d4NIO TIREOESTIMU-LANTE<\/strong><\/p>\n<p><strong>TESTOSTERONA TOTAL<\/strong><\/p>\n<p><strong>CORTISOL<\/strong><\/p>\n<p><strong>VITAMINA D<\/strong><\/p>\n<p><strong>VITAMINA B12<\/strong><\/p>\n<p>&nbsp;<\/p>\n","protected":false},"excerpt":{"rendered":"<p><strong>A pr\u00e1tica saud\u00e1vel de atividades f\u00edsicasrequer acompanhamento especializa-<\/strong><br \/>\n<strong>do e o monitoramento da nossa sa\u00fade.Muitos s\u00e3o os fatores fisiol\u00f3gicos quepodem influenciar a resposta do nossoorganismo aos exerc\u00edcios e modalidadesque praticamos. Temos um pacoteespecial para atletas, criado porespecialistas e indicado tanto para quempratica esportes esporadicamente quantocom mais frequ\u00eancia, onde conseguimosgerar condi\u00e7\u00f5es para a antecipa\u00e7\u00e3o,preven\u00e7\u00e3o e controle da sua sa\u00fade,melhorando sua qualidade de vida e aresposta do organismo \u00e0s atividadesrealizadas.<\/strong><\/p>\n","protected":false},"featured_media":411,"template":"","meta":[],"product_brand":[],"product_cat":[31],"product_tag":[],"class_list":{"0":"post-2177","1":"product","2":"type-product","3":"status-publish","4":"has-post-thumbnail","6":"product_cat-laboratorio","8":"first","9":"instock","10":"virtual","11":"purchasable","12":"product-type-simple"},"jetpack_sharing_enabled":true,"_links":{"self":[{"href":"https:\/\/drcheckup.com.br\/loja\/wp-json\/wp\/v2\/product\/2177","targetHints":{"allow":["GET"]}}],"collection":[{"href":"https:\/\/drcheckup.com.br\/loja\/wp-json\/wp\/v2\/product"}],"about":[{"href":"https:\/\/drcheckup.com.br\/loja\/wp-json\/wp\/v2\/types\/product"}],"wp:featuredmedia":[{"embeddable":true,"href":"https:\/\/drcheckup.com.br\/loja\/wp-json\/wp\/v2\/media\/411"}],"wp:attachment":[{"href":"https:\/\/drcheckup.com.br\/loja\/wp-json\/wp\/v2\/media?parent=2177"}],"wp:term":[{"taxonomy":"product_brand","embeddable":true,"href":"https:\/\/drcheckup.com.br\/loja\/wp-json\/wp\/v2\/product_brand?post=2177"},{"taxonomy":"product_cat","embeddable":true,"href":"https:\/\/drcheckup.com.br\/loja\/wp-json\/wp\/v2\/product_cat?post=2177"},{"taxonomy":"product_tag","embeddable":true,"href":"https:\/\/drcheckup.com.br\/loja\/wp-json\/wp\/v2\/product_tag?post=2177"}],"curies":[{"name":"wp","href":"https:\/\/api.w.org\/{rel}","templated":true}]}}