{"id":2175,"date":"2025-08-06T10:48:51","date_gmt":"2025-08-06T13:48:51","guid":{"rendered":"https:\/\/drcheckup.com.br\/loja\/?post_type=product&#038;p=2175"},"modified":"2025-10-22T08:07:34","modified_gmt":"2025-10-22T11:07:34","slug":"check-up-homens-2","status":"publish","type":"product","link":"https:\/\/drcheckup.com.br\/loja\/produto\/check-up-homens-2\/","title":{"rendered":"CHECK-UP HOMENS"},"content":{"rendered":"<h2><strong>CHECK-UP HOMENS<\/strong><br \/>\n(18 a 40 anos)<\/h2>\n<p><strong>CREATININA<\/strong><br \/>\n<strong>GLICOSE<\/strong><br \/>\n<strong>HEMOGRAMA COMPLETO<\/strong><br \/>\n<strong>UREIA<\/strong><br \/>\n<strong>URINA I<\/strong><br \/>\n<strong>\u00c1CIDO \u00daRICO (DOSAGEM)<\/strong><br \/>\n<strong>COLESTEROL TOTAL<\/strong><br \/>\n<strong>HDL, COLESTEROL<\/strong><br \/>\n<strong>LDL, COLESTEROL<\/strong><br \/>\n<strong>VLDL, COLESTEROL<\/strong><br \/>\n<strong>TRIGLIC\u00c9RIDES<\/strong><br \/>\n<strong>VITAMINA D (25 &#8211; HIDROXI)<\/strong><br \/>\n<strong>HBS. ANT\u00cdGENO<\/strong><br \/>\n<strong>TSH (HORM\u00d4NIO TIREOESTIMULANTE)<\/strong><br \/>\n<strong>VITAMINA B12<\/strong><br \/>\n<strong>SANGUE OCULTO (PESQUISA)<\/strong><br \/>\n<strong>GAMA-GLUTAMIL TRANSFERASE(GAMA-GT)<\/strong><br \/>\n<strong>TESTOSTERONA TOTAL<\/strong><\/p>\n","protected":false},"excerpt":{"rendered":"<p><strong>Homens t\u00eam caracter\u00edsticas f\u00edsicas e<\/strong><br \/>\n<strong>fisiol\u00f3gicas diferentes, que precisam deavalia\u00e7\u00e3o espec\u00edfica e especializada. Nossopacote leva em considera\u00e7\u00e3o omonitoramento<\/strong><br \/>\n<strong>dessas condi\u00e7\u00f5es para aspessoas do sexo<\/strong><br \/>\n<strong>masculino entre 18 a 40 anos.<\/strong><\/p>\n","protected":false},"featured_media":409,"template":"","meta":[],"product_brand":[],"product_cat":[31],"product_tag":[],"class_list":{"0":"post-2175","1":"product","2":"type-product","3":"status-publish","4":"has-post-thumbnail","6":"product_cat-laboratorio","8":"first","9":"instock","10":"virtual","11":"purchasable","12":"product-type-simple"},"jetpack_sharing_enabled":true,"_links":{"self":[{"href":"https:\/\/drcheckup.com.br\/loja\/wp-json\/wp\/v2\/product\/2175","targetHints":{"allow":["GET"]}}],"collection":[{"href":"https:\/\/drcheckup.com.br\/loja\/wp-json\/wp\/v2\/product"}],"about":[{"href":"https:\/\/drcheckup.com.br\/loja\/wp-json\/wp\/v2\/types\/product"}],"wp:featuredmedia":[{"embeddable":true,"href":"https:\/\/drcheckup.com.br\/loja\/wp-json\/wp\/v2\/media\/409"}],"wp:attachment":[{"href":"https:\/\/drcheckup.com.br\/loja\/wp-json\/wp\/v2\/media?parent=2175"}],"wp:term":[{"taxonomy":"product_brand","embeddable":true,"href":"https:\/\/drcheckup.com.br\/loja\/wp-json\/wp\/v2\/product_brand?post=2175"},{"taxonomy":"product_cat","embeddable":true,"href":"https:\/\/drcheckup.com.br\/loja\/wp-json\/wp\/v2\/product_cat?post=2175"},{"taxonomy":"product_tag","embeddable":true,"href":"https:\/\/drcheckup.com.br\/loja\/wp-json\/wp\/v2\/product_tag?post=2175"}],"curies":[{"name":"wp","href":"https:\/\/api.w.org\/{rel}","templated":true}]}}