{"id":2174,"date":"2025-08-06T10:45:13","date_gmt":"2025-08-06T13:45:13","guid":{"rendered":"https:\/\/drcheckup.com.br\/loja\/?post_type=product&#038;p=2174"},"modified":"2025-10-22T08:09:14","modified_gmt":"2025-10-22T11:09:14","slug":"check-up-jovens-2","status":"publish","type":"product","link":"https:\/\/drcheckup.com.br\/loja\/produto\/check-up-jovens-2\/","title":{"rendered":"CHECK-UP JOVENS"},"content":{"rendered":"<h2><strong>CHECK-UP JOVENS<\/strong><br \/>\n<strong>(10 a 17 anos)<\/strong><\/h2>\n<p><strong>CREATININA<\/strong><br \/>\n<strong>GLICOSE<\/strong><br \/>\n<strong>HEMOGRAMA COMPLETO<\/strong><br \/>\n<strong>UREIA<\/strong><br \/>\n<strong>URINA I<\/strong><br \/>\n<strong>HBS. ANT\u00cdGENO<\/strong><br \/>\n<strong>VDRL<\/strong><br \/>\n<strong>TRANSAMINASE GLUT\u00c2MICA OXA-LAC\u00c9TICA<\/strong><br \/>\n<strong>TRANSAMINASE GLUT\u00c2MICA PIR\u00da-VICA<\/strong><br \/>\n<strong>\u00c1CIDO \u00daRICO (DOSAGEM)<\/strong><br \/>\n<strong>COLESTEROL TOTAL<\/strong><br \/>\n<strong>HDL, COLESTEROL<\/strong><br \/>\n<strong>LDL, COLESTEROL<\/strong><br \/>\n<strong>VLDL, COLESTEROL<\/strong><br \/>\n<strong>TRIGLIC\u00c9RIDES<\/strong><br \/>\n<strong>HEPATITE V\u00cdRUS C<\/strong><br \/>\n<strong>HIV TESTE R\u00c1PIDO<\/strong><\/p>\n","protected":false},"excerpt":{"rendered":"<p><strong>Nenhuma fase da vida traz tantas mudan\u00e7as<\/strong><br \/>\n<strong>quanto a adolesc\u00eancia. Isso se reflete no corpodos jovens de 10 a 17 anos,<\/strong><br \/>\n<strong>para os quais,desenvolvemos especialmen<\/strong><br \/>\n<strong>te um pacoteconsiderando essas altera\u00e7\u00f5es fisiol\u00f3gicas ehormonais desta fase.<\/strong><\/p>\n","protected":false},"featured_media":408,"template":"","meta":[],"product_brand":[],"product_cat":[31],"product_tag":[],"class_list":{"0":"post-2174","1":"product","2":"type-product","3":"status-publish","4":"has-post-thumbnail","6":"product_cat-laboratorio","8":"first","9":"instock","10":"virtual","11":"purchasable","12":"product-type-simple"},"jetpack_sharing_enabled":true,"_links":{"self":[{"href":"https:\/\/drcheckup.com.br\/loja\/wp-json\/wp\/v2\/product\/2174","targetHints":{"allow":["GET"]}}],"collection":[{"href":"https:\/\/drcheckup.com.br\/loja\/wp-json\/wp\/v2\/product"}],"about":[{"href":"https:\/\/drcheckup.com.br\/loja\/wp-json\/wp\/v2\/types\/product"}],"wp:featuredmedia":[{"embeddable":true,"href":"https:\/\/drcheckup.com.br\/loja\/wp-json\/wp\/v2\/media\/408"}],"wp:attachment":[{"href":"https:\/\/drcheckup.com.br\/loja\/wp-json\/wp\/v2\/media?parent=2174"}],"wp:term":[{"taxonomy":"product_brand","embeddable":true,"href":"https:\/\/drcheckup.com.br\/loja\/wp-json\/wp\/v2\/product_brand?post=2174"},{"taxonomy":"product_cat","embeddable":true,"href":"https:\/\/drcheckup.com.br\/loja\/wp-json\/wp\/v2\/product_cat?post=2174"},{"taxonomy":"product_tag","embeddable":true,"href":"https:\/\/drcheckup.com.br\/loja\/wp-json\/wp\/v2\/product_tag?post=2174"}],"curies":[{"name":"wp","href":"https:\/\/api.w.org\/{rel}","templated":true}]}}