{"id":2173,"date":"2025-08-06T10:44:10","date_gmt":"2025-08-06T13:44:10","guid":{"rendered":"https:\/\/drcheckup.com.br\/loja\/?post_type=product&#038;p=2173"},"modified":"2025-10-22T08:10:35","modified_gmt":"2025-10-22T11:10:35","slug":"check-up-mulheres-2","status":"publish","type":"product","link":"https:\/\/drcheckup.com.br\/loja\/produto\/check-up-mulheres-2\/","title":{"rendered":"CHECK-UP MULHERES"},"content":{"rendered":"<h2><strong>CHECK-UP MULHERES<\/strong><br \/>\n<strong>(18 a 40 anos)<\/strong><\/h2>\n<p><strong>CREATININA<\/strong><br \/>\n<strong>GLICOSE<\/strong><br \/>\n<strong>HEMOGRAMA COMPLETO<\/strong><br \/>\n<strong>UREIA<\/strong><br \/>\n<strong>URINA I<\/strong><br \/>\n<strong>\u00c1CIDO \u00daRICO (DOSAGEM)<\/strong><br \/>\n<strong>COLESTEROL TOTAL<\/strong><br \/>\n<strong>HDL, COLESTEROL<\/strong><br \/>\n<strong>LDL, COLESTEROL<\/strong><br \/>\n<strong>VLDL, COLESTEROL<\/strong><br \/>\n<strong>TRIGLIC\u00c9RIDES<\/strong><br \/>\n<strong>FERRITINA<\/strong><br \/>\n<strong>S\u00d3DIO (DOSAGEM)<\/strong><br \/>\n<strong>FERRO S\u00c9RICO<\/strong><br \/>\n<strong>VITAMINA D (25 &#8211; HIDROXI)<\/strong><br \/>\n<strong>HBS. ANT\u00cdGENO<\/strong><br \/>\n<strong>HEPATITE VIRUS C<\/strong><br \/>\n<strong>ESTRADIOL, E2<\/strong><br \/>\n<strong>PROLACTINA<\/strong><br \/>\n<strong>TSH (HORM\u00d4NIO, TIREOESTIMU-LANTE)<\/strong><br \/>\n<strong>FSH (HORM\u00d4NIO FOL\u00cdCULO ESTI-MULANTE)<\/strong><br \/>\n<strong>VITAMINA B12<\/strong><br \/>\n<strong>HORM\u00d4NIO LUTEINIZANTE, LH<\/strong><br \/>\n<strong>GAMA-GLUTAMIL TRANSFERASE(GAMA-GT)<\/strong><br \/>\n<strong>FATOR ANTI-N\u00daCLEO<\/strong><\/p>\n<p><strong>HB GLICADA<\/strong><\/p>\n","protected":false},"excerpt":{"rendered":"<p><strong>Preparado para acompanhar a sa\u00fade das mulheres de 18 a 40 anos, temos um pacote queleva em considera\u00e7\u00e3o as diferen\u00e7as fisiol\u00f3gicase hormonais desse grupo.<\/strong><br \/>\n<strong>Garantindo suporte para o seu m\u00e9dico naan\u00e1lise da sua sa\u00fade.<\/strong><\/p>\n","protected":false},"featured_media":407,"template":"","meta":[],"product_brand":[],"product_cat":[31],"product_tag":[],"class_list":{"0":"post-2173","1":"product","2":"type-product","3":"status-publish","4":"has-post-thumbnail","6":"product_cat-laboratorio","8":"first","9":"instock","10":"virtual","11":"purchasable","12":"product-type-simple"},"jetpack_sharing_enabled":true,"_links":{"self":[{"href":"https:\/\/drcheckup.com.br\/loja\/wp-json\/wp\/v2\/product\/2173","targetHints":{"allow":["GET"]}}],"collection":[{"href":"https:\/\/drcheckup.com.br\/loja\/wp-json\/wp\/v2\/product"}],"about":[{"href":"https:\/\/drcheckup.com.br\/loja\/wp-json\/wp\/v2\/types\/product"}],"wp:featuredmedia":[{"embeddable":true,"href":"https:\/\/drcheckup.com.br\/loja\/wp-json\/wp\/v2\/media\/407"}],"wp:attachment":[{"href":"https:\/\/drcheckup.com.br\/loja\/wp-json\/wp\/v2\/media?parent=2173"}],"wp:term":[{"taxonomy":"product_brand","embeddable":true,"href":"https:\/\/drcheckup.com.br\/loja\/wp-json\/wp\/v2\/product_brand?post=2173"},{"taxonomy":"product_cat","embeddable":true,"href":"https:\/\/drcheckup.com.br\/loja\/wp-json\/wp\/v2\/product_cat?post=2173"},{"taxonomy":"product_tag","embeddable":true,"href":"https:\/\/drcheckup.com.br\/loja\/wp-json\/wp\/v2\/product_tag?post=2173"}],"curies":[{"name":"wp","href":"https:\/\/api.w.org\/{rel}","templated":true}]}}