{"id":2170,"date":"2025-08-06T09:55:39","date_gmt":"2025-08-06T12:55:39","guid":{"rendered":"https:\/\/drcheckup.com.br\/loja\/?post_type=product&#038;p=2170"},"modified":"2025-10-22T08:12:47","modified_gmt":"2025-10-22T11:12:47","slug":"check-up-gestante-3o-trimestre-2","status":"publish","type":"product","link":"https:\/\/drcheckup.com.br\/loja\/produto\/check-up-gestante-3o-trimestre-2\/","title":{"rendered":"CHECK-UP GESTANTE 3\u00ba Trimestre"},"content":{"rendered":"<p><strong>COOMBS INDIRETO<\/strong><br \/>\n<strong>HEMOGRAMA COMPLETO<\/strong><br \/>\n<strong>TOXOPLASMOSE IgG<\/strong><br \/>\n<strong>TOXOPLASMOSE IgM<\/strong><br \/>\n<strong>HBS. ANT\u00cdGENO<\/strong><br \/>\n<strong>URINA I<\/strong><br \/>\n<strong>VDRL<\/strong><br \/>\n<strong>UROCULTURA<\/strong><br \/>\n<strong>ANTICORPOS ANTI HIV<\/strong><\/p>\n<p><strong>TSH<\/strong><\/p>\n<p><strong>HB GLICO<\/strong><\/p>\n<p><strong>VITAMINA B12<\/strong><\/p>\n<p><strong>ESTROGENO<\/strong><\/p>\n<p><strong>PROGESTORONA<\/strong><\/p>\n","protected":false},"excerpt":{"rendered":"<p><strong>gesta\u00e7\u00e3o \u00e9 uma fase m\u00e1gica e \u00fanica<\/strong><br \/>\n<strong>para as mulheres. Em nenhum outromomento da vida \u00e9 t\u00e3o necess\u00e1rio garan- tir asa\u00fade da futura m\u00e3e e da sua crian\u00e7a. Essepacote foi planejado para dar suporte \u00e0avalia\u00e7\u00e3o m\u00e9dica e promover o m\u00e1ximo deconforto, bem-estar e qualidade de vida \u00e0gestante e seu filho, esse pacote trazendo osexames necess\u00e1rios para que os nove mesesde espera sejam apenas de alegrias e<\/strong><br \/>\n<strong>boas lembran\u00e7as.<\/strong><\/p>\n","protected":false},"featured_media":406,"template":"","meta":[],"product_brand":[],"product_cat":[31],"product_tag":[],"class_list":{"0":"post-2170","1":"product","2":"type-product","3":"status-publish","4":"has-post-thumbnail","6":"product_cat-laboratorio","8":"first","9":"instock","10":"virtual","11":"purchasable","12":"product-type-simple"},"jetpack_sharing_enabled":true,"_links":{"self":[{"href":"https:\/\/drcheckup.com.br\/loja\/wp-json\/wp\/v2\/product\/2170","targetHints":{"allow":["GET"]}}],"collection":[{"href":"https:\/\/drcheckup.com.br\/loja\/wp-json\/wp\/v2\/product"}],"about":[{"href":"https:\/\/drcheckup.com.br\/loja\/wp-json\/wp\/v2\/types\/product"}],"wp:featuredmedia":[{"embeddable":true,"href":"https:\/\/drcheckup.com.br\/loja\/wp-json\/wp\/v2\/media\/406"}],"wp:attachment":[{"href":"https:\/\/drcheckup.com.br\/loja\/wp-json\/wp\/v2\/media?parent=2170"}],"wp:term":[{"taxonomy":"product_brand","embeddable":true,"href":"https:\/\/drcheckup.com.br\/loja\/wp-json\/wp\/v2\/product_brand?post=2170"},{"taxonomy":"product_cat","embeddable":true,"href":"https:\/\/drcheckup.com.br\/loja\/wp-json\/wp\/v2\/product_cat?post=2170"},{"taxonomy":"product_tag","embeddable":true,"href":"https:\/\/drcheckup.com.br\/loja\/wp-json\/wp\/v2\/product_tag?post=2170"}],"curies":[{"name":"wp","href":"https:\/\/api.w.org\/{rel}","templated":true}]}}