{"id":2169,"date":"2025-08-06T09:41:32","date_gmt":"2025-08-06T12:41:32","guid":{"rendered":"https:\/\/drcheckup.com.br\/loja\/?post_type=product&#038;p=2169"},"modified":"2025-10-22T08:13:38","modified_gmt":"2025-10-22T11:13:38","slug":"check-up-maturidade-homem-2","status":"publish","type":"product","link":"https:\/\/drcheckup.com.br\/loja\/produto\/check-up-maturidade-homem-2\/","title":{"rendered":"CHECK-UP MATURIDADE HOMEM"},"content":{"rendered":"<h2><strong>CHECK-UP MATURIDADE HOMEM<\/strong><br \/>\n<strong>(Acima de 40 anos)<\/strong><\/h2>\n<p><strong>CREATININA<\/strong><br \/>\n<strong>GLICOSE<\/strong><br \/>\n<strong>HEMOGRAMA COMPLETO<\/strong><br \/>\n<strong>UREIA<\/strong><br \/>\n<strong>URINA I<\/strong><br \/>\n<strong>\u00c1CIDO \u00daRICO (DOSAGEM)<\/strong><br \/>\n<strong>COLESTEROL TOTAL<\/strong><br \/>\n<strong>HDL, COLESTEROL<\/strong><br \/>\n<strong>LDL, COLESTEROL<\/strong><br \/>\n<strong>VLDL, COLESTEROL<\/strong><br \/>\n<strong>TRIGLIC\u00c9RIDES<\/strong><br \/>\n<strong>VITAMINA D (25 &#8211; HIDROXI)<\/strong><br \/>\n<strong>HBS. ANT\u00cdGENO<\/strong><br \/>\n<strong>TSH (HORM\u00d4NIO TIREOESTIMULAN-TE)<\/strong><br \/>\n<strong>VITAMINA B12<\/strong><br \/>\n<strong>GAMA-GLUTAMIL TRANSFERASE(GAMA-GT)<\/strong><br \/>\n<strong>PSA<\/strong><br \/>\n<strong>TESTOSTERONA TOTAL<\/strong><\/p>\n<p><strong>HB GLICADA<\/strong><\/p>\n<p><strong>FERRITINA<\/strong><\/p>\n<p>&nbsp;<\/p>\n<p>&nbsp;<\/p>\n","protected":false},"excerpt":{"rendered":"<p><strong>A maturidade \u00e9 a fase em que nosso corpo come\u00e7a a se preparar para o processo de envelhecimento. Nossa equipe preparou umpacote de exames laboratoriais que permiteestarmos sempre um passo a frente dequalquer anormalidade. Assim, suapreocupa\u00e7\u00e3o ser\u00e1 apenas de curtir melhor a fam\u00edlia.<\/strong><br \/>\n<strong>O pacote \u00e9 indicado para quem chegou aos quarenta anos.<\/strong><\/p>\n","protected":false},"featured_media":405,"template":"","meta":[],"product_brand":[],"product_cat":[31],"product_tag":[],"class_list":{"0":"post-2169","1":"product","2":"type-product","3":"status-publish","4":"has-post-thumbnail","6":"product_cat-laboratorio","8":"first","9":"instock","10":"purchasable","11":"product-type-simple"},"jetpack_sharing_enabled":true,"_links":{"self":[{"href":"https:\/\/drcheckup.com.br\/loja\/wp-json\/wp\/v2\/product\/2169","targetHints":{"allow":["GET"]}}],"collection":[{"href":"https:\/\/drcheckup.com.br\/loja\/wp-json\/wp\/v2\/product"}],"about":[{"href":"https:\/\/drcheckup.com.br\/loja\/wp-json\/wp\/v2\/types\/product"}],"wp:featuredmedia":[{"embeddable":true,"href":"https:\/\/drcheckup.com.br\/loja\/wp-json\/wp\/v2\/media\/405"}],"wp:attachment":[{"href":"https:\/\/drcheckup.com.br\/loja\/wp-json\/wp\/v2\/media?parent=2169"}],"wp:term":[{"taxonomy":"product_brand","embeddable":true,"href":"https:\/\/drcheckup.com.br\/loja\/wp-json\/wp\/v2\/product_brand?post=2169"},{"taxonomy":"product_cat","embeddable":true,"href":"https:\/\/drcheckup.com.br\/loja\/wp-json\/wp\/v2\/product_cat?post=2169"},{"taxonomy":"product_tag","embeddable":true,"href":"https:\/\/drcheckup.com.br\/loja\/wp-json\/wp\/v2\/product_tag?post=2169"}],"curies":[{"name":"wp","href":"https:\/\/api.w.org\/{rel}","templated":true}]}}