{"id":2168,"date":"2025-08-06T09:39:43","date_gmt":"2025-08-06T12:39:43","guid":{"rendered":"https:\/\/drcheckup.com.br\/loja\/?post_type=product&#038;p=2168"},"modified":"2025-10-22T08:14:31","modified_gmt":"2025-10-22T11:14:31","slug":"check-up-maturidade-mulher-2","status":"publish","type":"product","link":"https:\/\/drcheckup.com.br\/loja\/produto\/check-up-maturidade-mulher-2\/","title":{"rendered":"CHECK-UP MATURIDADE MULHER"},"content":{"rendered":"<h2><strong>CHECK-UP MATURIDADE MULHER<\/strong><br \/>\n<strong>(Acima de 40 anos)<\/strong><\/h2>\n<p><strong>CREATININA<\/strong><br \/>\n<strong>GLICOSE<\/strong><br \/>\n<strong>HEMOGRAMA COMPLETO<\/strong><br \/>\n<strong>UREIA<\/strong><br \/>\n<strong>URINA I<\/strong><br \/>\n<strong>\u00c1CIDO \u00daRICO (DOSAGEM)<\/strong><br \/>\n<strong>COLESTEROL TOTAL<\/strong><br \/>\n<strong>HDL, COLESTEROL<\/strong><br \/>\n<strong>LDL, COLESTEROL<\/strong><br \/>\n<strong>VLDL, COLESTEROL<\/strong><br \/>\n<strong>TRIGLIC\u00c9RIDES<\/strong><br \/>\n<strong>FERRITINA<\/strong><br \/>\n<strong>FERRO S\u00c9RICO<\/strong><br \/>\n<strong>VITAMINA D (25 &#8211; HIDROXI)<\/strong><br \/>\n<strong>TSH (HORM\u00d4NIO TIREOESTIMULANTE)<\/strong><br \/>\n<strong>GAMA, GLUTAMIL TRANSFERASE<\/strong><br \/>\n<strong>(GAMA-GT)<\/strong><br \/>\n<strong>T4 LIVRE, TIROXINA LIVRE<\/strong><br \/>\n<strong>CALCIO<\/strong><\/p>\n<p><strong>HB GLICADA<\/strong><\/p>\n<p>&nbsp;<\/p>\n","protected":false},"excerpt":{"rendered":"<p><strong>Embora muito se fale sobre a sa\u00fade da mulher na maturidade, muitas d\u00favidas ainda persistem neste assunto. Normalmente marcada pela menopausa &#8211; ou em sua proximidade, a maturidade feminina exige uma s\u00e9rie de cuidados e acompanhamentos m\u00e9dicos.<\/strong><br \/>\n<strong>Especialistas sugerem aten\u00e7\u00e3o a possibilidade de aparecimento ou agravamento de patologias como a osteoporose, doen\u00e7as cardiovasculares e coronarianas, entre outras.<\/strong><br \/>\n<strong>Nosso pacote oferece a seguran\u00e7a necess\u00e1ria no<\/strong><br \/>\n<strong>acompanhamento da sa\u00fade da mulher madura<\/strong><\/p>\n","protected":false},"featured_media":404,"template":"","meta":[],"product_brand":[],"product_cat":[31],"product_tag":[],"class_list":{"0":"post-2168","1":"product","2":"type-product","3":"status-publish","4":"has-post-thumbnail","6":"product_cat-laboratorio","8":"first","9":"instock","10":"purchasable","11":"product-type-simple"},"jetpack_sharing_enabled":true,"_links":{"self":[{"href":"https:\/\/drcheckup.com.br\/loja\/wp-json\/wp\/v2\/product\/2168","targetHints":{"allow":["GET"]}}],"collection":[{"href":"https:\/\/drcheckup.com.br\/loja\/wp-json\/wp\/v2\/product"}],"about":[{"href":"https:\/\/drcheckup.com.br\/loja\/wp-json\/wp\/v2\/types\/product"}],"wp:featuredmedia":[{"embeddable":true,"href":"https:\/\/drcheckup.com.br\/loja\/wp-json\/wp\/v2\/media\/404"}],"wp:attachment":[{"href":"https:\/\/drcheckup.com.br\/loja\/wp-json\/wp\/v2\/media?parent=2168"}],"wp:term":[{"taxonomy":"product_brand","embeddable":true,"href":"https:\/\/drcheckup.com.br\/loja\/wp-json\/wp\/v2\/product_brand?post=2168"},{"taxonomy":"product_cat","embeddable":true,"href":"https:\/\/drcheckup.com.br\/loja\/wp-json\/wp\/v2\/product_cat?post=2168"},{"taxonomy":"product_tag","embeddable":true,"href":"https:\/\/drcheckup.com.br\/loja\/wp-json\/wp\/v2\/product_tag?post=2168"}],"curies":[{"name":"wp","href":"https:\/\/api.w.org\/{rel}","templated":true}]}}