{"id":946,"date":"2025-01-28T20:00:41","date_gmt":"2025-01-28T23:00:41","guid":{"rendered":"https:\/\/drcheckup.com.br\/loja\/?page_id=946"},"modified":"2025-06-03T11:45:38","modified_gmt":"2025-06-03T14:45:38","slug":"clube-de-beneficios","status":"publish","type":"page","link":"https:\/\/drcheckup.com.br\/loja\/clube-de-beneficios\/","title":{"rendered":"Clube de benef\u00edcios"},"content":{"rendered":"<div class=\"woocommerce columns-4 \"><div class=\"woocommerce-notices-wrapper\"><\/div><p class=\"woocommerce-result-count\" role=\"alert\" aria-relevant=\"all\" >\n\tExibindo um \u00fanico resultado<\/p>\n<form class=\"woocommerce-ordering\" method=\"get\">\n\t\t<select\n\t\tname=\"orderby\"\n\t\tclass=\"orderby\"\n\t\t\t\t\taria-label=\"Pedido da loja\"\n\t\t\t>\n\t\t\t\t\t<option value=\"menu_order\"  selected='selected'>Ordena\u00e7\u00e3o padr\u00e3o<\/option>\n\t\t\t\t\t<option value=\"popularity\" >Ordenar por popularidade<\/option>\n\t\t\t\t\t<option value=\"date\" >Ordenar por mais recente<\/option>\n\t\t\t\t\t<option value=\"price\" >Ordenar por pre\u00e7o: menor para maior<\/option>\n\t\t\t\t\t<option value=\"price-desc\" >Ordenar por pre\u00e7o: maior para menor<\/option>\n\t\t\t<\/select>\n\t<input type=\"hidden\" name=\"paged\" value=\"1\" \/>\n\t<\/form>\n<ul class=\"products columns-4\">\n<li class=\"product type-product post-2178 status-publish first instock product_cat-planos has-post-thumbnail virtual sold-individually purchasable product-type-subscription\">\n\t<a href=\"https:\/\/drcheckup.com.br\/loja\/produto\/plano-ouro\/\" class=\"woocommerce-LoopProduct-link woocommerce-loop-product__link\"><img fetchpriority=\"high\" decoding=\"async\" width=\"300\" height=\"300\" src=\"https:\/\/drcheckup.com.br\/loja\/wp-content\/uploads\/2025\/08\/WhatsApp-Image-2025-10-17-at-15.01.10-300x300.jpeg\" class=\"attachment-woocommerce_thumbnail size-woocommerce_thumbnail\" alt=\"Clube de benef\u00edcios Dr Checkup\" srcset=\"https:\/\/drcheckup.com.br\/loja\/wp-content\/uploads\/2025\/08\/WhatsApp-Image-2025-10-17-at-15.01.10-300x300.jpeg 300w, https:\/\/drcheckup.com.br\/loja\/wp-content\/uploads\/2025\/08\/WhatsApp-Image-2025-10-17-at-15.01.10-150x150.jpeg 150w, https:\/\/drcheckup.com.br\/loja\/wp-content\/uploads\/2025\/08\/WhatsApp-Image-2025-10-17-at-15.01.10-768x768.jpeg 768w, https:\/\/drcheckup.com.br\/loja\/wp-content\/uploads\/2025\/08\/WhatsApp-Image-2025-10-17-at-15.01.10-600x600.jpeg 600w, https:\/\/drcheckup.com.br\/loja\/wp-content\/uploads\/2025\/08\/WhatsApp-Image-2025-10-17-at-15.01.10-100x100.jpeg 100w, https:\/\/drcheckup.com.br\/loja\/wp-content\/uploads\/2025\/08\/WhatsApp-Image-2025-10-17-at-15.01.10.jpeg 1024w\" sizes=\"(max-width: 300px) 100vw, 300px\" \/><h2 class=\"woocommerce-loop-product__title\">Clube de benef\u00edcios Dr Checkup<\/h2>\n\t<span class=\"price\"><span class=\"woocommerce-Price-amount amount\"><bdi><span class=\"woocommerce-Price-currencySymbol\">&#82;&#36;<\/span>&nbsp;39,90<\/bdi><\/span> <span class=\"subscription-details\"> \/ m\u00eas em 12 meses.<\/span><\/span>\n<\/a><a href=\"\/loja\/wp-json\/wp\/v2\/pages\/946?add-to-cart=2178\" aria-describedby=\"woocommerce_loop_add_to_cart_link_describedby_2178\" data-quantity=\"1\" class=\"button product_type_subscription add_to_cart_button ajax_add_to_cart\" data-product_id=\"2178\" data-product_sku=\"planoouro-1-1\" aria-label=\"Assinar: &quot;Clube de benef\u00edcios Dr Checkup&quot;\" rel=\"nofollow\" data-success_message=\"\u201cClube de benef\u00edcios Dr Checkup\u201d foi adicionado ao seu carrinho\">Assinar<\/a>\t<span id=\"woocommerce_loop_add_to_cart_link_describedby_2178\" class=\"screen-reader-text\">\n\t\t\t<\/span>\n<\/li>\n<\/ul>\n<\/div>\n","protected":false},"excerpt":{"rendered":"","protected":false},"author":1,"featured_media":0,"parent":0,"menu_order":0,"comment_status":"closed","ping_status":"closed","template":"","meta":{"footnotes":""},"class_list":["post-946","page","type-page","status-publish","hentry"],"jetpack_sharing_enabled":true,"_links":{"self":[{"href":"https:\/\/drcheckup.com.br\/loja\/wp-json\/wp\/v2\/pages\/946","targetHints":{"allow":["GET"]}}],"collection":[{"href":"https:\/\/drcheckup.com.br\/loja\/wp-json\/wp\/v2\/pages"}],"about":[{"href":"https:\/\/drcheckup.com.br\/loja\/wp-json\/wp\/v2\/types\/page"}],"author":[{"embeddable":true,"href":"https:\/\/drcheckup.com.br\/loja\/wp-json\/wp\/v2\/users\/1"}],"replies":[{"embeddable":true,"href":"https:\/\/drcheckup.com.br\/loja\/wp-json\/wp\/v2\/comments?post=946"}],"version-history":[{"count":4,"href":"https:\/\/drcheckup.com.br\/loja\/wp-json\/wp\/v2\/pages\/946\/revisions"}],"predecessor-version":[{"id":1624,"href":"https:\/\/drcheckup.com.br\/loja\/wp-json\/wp\/v2\/pages\/946\/revisions\/1624"}],"wp:attachment":[{"href":"https:\/\/drcheckup.com.br\/loja\/wp-json\/wp\/v2\/media?parent=946"}],"curies":[{"name":"wp","href":"https:\/\/api.w.org\/{rel}","templated":true}]}}