{"id":451,"date":"2024-12-03T17:30:26","date_gmt":"2024-12-03T20:30:26","guid":{"rendered":"https:\/\/drcheckup.com.br\/loja\/?page_id=451"},"modified":"2025-08-11T09:08:48","modified_gmt":"2025-08-11T12:08:48","slug":"imagens","status":"publish","type":"page","link":"https:\/\/drcheckup.com.br\/loja\/imagens\/","title":{"rendered":"Exames de Imagens"},"content":{"rendered":"\t\t<div data-elementor-type=\"wp-page\" data-elementor-id=\"451\" class=\"elementor elementor-451\">\n\t\t\t\t<div class=\"elementor-element elementor-element-374ef6d6 e-flex e-con-boxed e-con e-parent\" data-id=\"374ef6d6\" data-element_type=\"container\" data-e-type=\"container\">\n\t\t\t\t\t<div class=\"e-con-inner\">\n\t\t\t\t<div class=\"elementor-element elementor-element-314eee1b elementor-widget elementor-widget-text-editor\" data-id=\"314eee1b\" data-element_type=\"widget\" data-e-type=\"widget\" data-widget_type=\"text-editor.default\">\n\t\t\t\t<div class=\"elementor-widget-container\">\n\t\t\t\t\t\t\t\t\t<div class=\"woocommerce columns-4 \">\n<div class=\"woocommerce-notices-wrapper\"><\/div>\n<p class=\"woocommerce-result-count\" role=\"alert\" aria-relevant=\"all\" >\n\tMostrando todos os 4 resultados<\/p>\n<form class=\"woocommerce-ordering\" method=\"get\">\n\t\t<select\n\t\tname=\"orderby\"\n\t\tclass=\"orderby\"\n\t\t\t\t\taria-label=\"Pedido da loja\"\n\t\t\t><option value=\"menu_order\"  selected='selected'>Ordena\u00e7\u00e3o padr\u00e3o<\/option><option value=\"popularity\" >Ordenar por popularidade<\/option><option value=\"date\" >Ordenar por mais recente<\/option><option value=\"price\" >Ordenar por pre\u00e7o: menor para maior<\/option><option value=\"price-desc\" >Ordenar por pre\u00e7o: maior para menor<\/option><\/select><br \/>\n\t<input type=\"hidden\" name=\"paged\" value=\"1\" \/><br \/>\n\t<\/form>\n<ul class=\"products columns-4\">\n<li class=\"product type-product post-3228 status-publish first instock product_cat-ct taxable shipping-taxable purchasable product-type-simple\">\n\t<a href=\"https:\/\/drcheckup.com.br\/loja\/produto\/endoscopia\/\" class=\"woocommerce-LoopProduct-link woocommerce-loop-product__link\"><img fetchpriority=\"high\" decoding=\"async\" width=\"300\" height=\"300\" src=\"https:\/\/drcheckup.com.br\/loja\/wp-content\/uploads\/woocommerce-placeholder.webp\" class=\"woocommerce-placeholder wp-post-image\" alt=\"Conte\u00fado de marca\u00e7\u00e3o\" srcset=\"https:\/\/drcheckup.com.br\/loja\/wp-content\/uploads\/woocommerce-placeholder.webp 1200w, https:\/\/drcheckup.com.br\/loja\/wp-content\/uploads\/woocommerce-placeholder-300x300.webp 300w, https:\/\/drcheckup.com.br\/loja\/wp-content\/uploads\/woocommerce-placeholder-1024x1024.webp 1024w, https:\/\/drcheckup.com.br\/loja\/wp-content\/uploads\/woocommerce-placeholder-150x150.webp 150w, https:\/\/drcheckup.com.br\/loja\/wp-content\/uploads\/woocommerce-placeholder-768x768.webp 768w\" sizes=\"(max-width: 300px) 100vw, 300px\" \/><\/p>\n<h2 class=\"woocommerce-loop-product__title\">ENDOSCOPIA<\/h2>\n<p>\t<span class=\"price\"><span class=\"woocommerce-Price-amount amount\"><bdi><span class=\"woocommerce-Price-currencySymbol\">&#82;&#36;<\/span>&nbsp;455,00<\/bdi><\/span><\/span><br \/>\n<\/a><a href=\"\/loja\/wp-json\/wp\/v2\/pages\/451?add-to-cart=3228\" aria-describedby=\"woocommerce_loop_add_to_cart_link_describedby_3228\" data-quantity=\"1\" class=\"button product_type_simple add_to_cart_button ajax_add_to_cart\" data-product_id=\"3228\" data-product_sku=\"\" aria-label=\"Adicione ao carrinho: &ldquo;ENDOSCOPIA&rdquo;\" rel=\"nofollow\" data-success_message=\"\u201cENDOSCOPIA\u201d foi adicionado ao seu carrinho\">Adicionar ao carrinho<\/a>\t<span id=\"woocommerce_loop_add_to_cart_link_describedby_3228\" class=\"screen-reader-text\"><br \/>\n\t\t\t<\/span>\n<\/li>\n<li class=\"product type-product post-3227 status-publish instock product_cat-cr virtual taxable purchasable product-type-simple\">\n\t<a href=\"https:\/\/drcheckup.com.br\/loja\/produto\/ultrassom\/\" class=\"woocommerce-LoopProduct-link woocommerce-loop-product__link\"><img fetchpriority=\"high\" decoding=\"async\" width=\"300\" height=\"300\" src=\"https:\/\/drcheckup.com.br\/loja\/wp-content\/uploads\/woocommerce-placeholder.webp\" class=\"woocommerce-placeholder wp-post-image\" alt=\"Conte\u00fado de marca\u00e7\u00e3o\" srcset=\"https:\/\/drcheckup.com.br\/loja\/wp-content\/uploads\/woocommerce-placeholder.webp 1200w, https:\/\/drcheckup.com.br\/loja\/wp-content\/uploads\/woocommerce-placeholder-300x300.webp 300w, https:\/\/drcheckup.com.br\/loja\/wp-content\/uploads\/woocommerce-placeholder-1024x1024.webp 1024w, https:\/\/drcheckup.com.br\/loja\/wp-content\/uploads\/woocommerce-placeholder-150x150.webp 150w, https:\/\/drcheckup.com.br\/loja\/wp-content\/uploads\/woocommerce-placeholder-768x768.webp 768w\" sizes=\"(max-width: 300px) 100vw, 300px\" \/><\/p>\n<h2 class=\"woocommerce-loop-product__title\">ULTRASSOM<\/h2>\n<p>\t<span class=\"price\"><span class=\"woocommerce-Price-amount amount\"><bdi><span class=\"woocommerce-Price-currencySymbol\">&#82;&#36;<\/span>&nbsp;98,00<\/bdi><\/span><\/span><br \/>\n<\/a><a href=\"\/loja\/wp-json\/wp\/v2\/pages\/451?add-to-cart=3227\" aria-describedby=\"woocommerce_loop_add_to_cart_link_describedby_3227\" data-quantity=\"1\" class=\"button product_type_simple add_to_cart_button ajax_add_to_cart\" data-product_id=\"3227\" data-product_sku=\"\" aria-label=\"Adicione ao carrinho: &ldquo;ULTRASSOM&rdquo;\" rel=\"nofollow\" data-success_message=\"\u201cULTRASSOM\u201d foi adicionado ao seu carrinho\">Adicionar ao carrinho<\/a>\t<span id=\"woocommerce_loop_add_to_cart_link_describedby_3227\" class=\"screen-reader-text\"><br \/>\n\t\t\t<\/span>\n<\/li>\n<li class=\"product type-product post-3226 status-publish instock product_cat-ct virtual taxable purchasable product-type-simple\">\n\t<a href=\"https:\/\/drcheckup.com.br\/loja\/produto\/tomografia\/\" class=\"woocommerce-LoopProduct-link woocommerce-loop-product__link\"><img fetchpriority=\"high\" decoding=\"async\" width=\"300\" height=\"300\" src=\"https:\/\/drcheckup.com.br\/loja\/wp-content\/uploads\/woocommerce-placeholder.webp\" class=\"woocommerce-placeholder wp-post-image\" alt=\"Conte\u00fado de marca\u00e7\u00e3o\" srcset=\"https:\/\/drcheckup.com.br\/loja\/wp-content\/uploads\/woocommerce-placeholder.webp 1200w, https:\/\/drcheckup.com.br\/loja\/wp-content\/uploads\/woocommerce-placeholder-300x300.webp 300w, https:\/\/drcheckup.com.br\/loja\/wp-content\/uploads\/woocommerce-placeholder-1024x1024.webp 1024w, https:\/\/drcheckup.com.br\/loja\/wp-content\/uploads\/woocommerce-placeholder-150x150.webp 150w, https:\/\/drcheckup.com.br\/loja\/wp-content\/uploads\/woocommerce-placeholder-768x768.webp 768w\" sizes=\"(max-width: 300px) 100vw, 300px\" \/><\/p>\n<h2 class=\"woocommerce-loop-product__title\">TOMOGRAFIA<\/h2>\n<p>\t<span class=\"price\"><span class=\"woocommerce-Price-amount amount\"><bdi><span class=\"woocommerce-Price-currencySymbol\">&#82;&#36;<\/span>&nbsp;325,00<\/bdi><\/span><\/span><br \/>\n<\/a><a href=\"\/loja\/wp-json\/wp\/v2\/pages\/451?add-to-cart=3226\" aria-describedby=\"woocommerce_loop_add_to_cart_link_describedby_3226\" data-quantity=\"1\" class=\"button product_type_simple add_to_cart_button ajax_add_to_cart\" data-product_id=\"3226\" data-product_sku=\"\" aria-label=\"Adicione ao carrinho: &ldquo;TOMOGRAFIA&rdquo;\" rel=\"nofollow\" data-success_message=\"\u201cTOMOGRAFIA\u201d foi adicionado ao seu carrinho\">Adicionar ao carrinho<\/a>\t<span id=\"woocommerce_loop_add_to_cart_link_describedby_3226\" class=\"screen-reader-text\"><br \/>\n\t\t\t<\/span>\n<\/li>\n<li class=\"product type-product post-3225 status-publish last instock product_cat-cr virtual taxable purchasable product-type-simple\">\n\t<a href=\"https:\/\/drcheckup.com.br\/loja\/produto\/raio-x\/\" class=\"woocommerce-LoopProduct-link woocommerce-loop-product__link\"><img fetchpriority=\"high\" decoding=\"async\" width=\"300\" height=\"300\" src=\"https:\/\/drcheckup.com.br\/loja\/wp-content\/uploads\/woocommerce-placeholder.webp\" class=\"woocommerce-placeholder wp-post-image\" alt=\"Conte\u00fado de marca\u00e7\u00e3o\" srcset=\"https:\/\/drcheckup.com.br\/loja\/wp-content\/uploads\/woocommerce-placeholder.webp 1200w, https:\/\/drcheckup.com.br\/loja\/wp-content\/uploads\/woocommerce-placeholder-300x300.webp 300w, https:\/\/drcheckup.com.br\/loja\/wp-content\/uploads\/woocommerce-placeholder-1024x1024.webp 1024w, https:\/\/drcheckup.com.br\/loja\/wp-content\/uploads\/woocommerce-placeholder-150x150.webp 150w, https:\/\/drcheckup.com.br\/loja\/wp-content\/uploads\/woocommerce-placeholder-768x768.webp 768w\" sizes=\"(max-width: 300px) 100vw, 300px\" \/><\/p>\n<h2 class=\"woocommerce-loop-product__title\">RAIO X<\/h2>\n<p>\t<span class=\"price\"><span class=\"woocommerce-Price-amount amount\"><bdi><span class=\"woocommerce-Price-currencySymbol\">&#82;&#36;<\/span>&nbsp;98,00<\/bdi><\/span><\/span><br \/>\n<\/a><a href=\"\/loja\/wp-json\/wp\/v2\/pages\/451?add-to-cart=3225\" aria-describedby=\"woocommerce_loop_add_to_cart_link_describedby_3225\" data-quantity=\"1\" class=\"button product_type_simple add_to_cart_button ajax_add_to_cart\" data-product_id=\"3225\" data-product_sku=\"\" aria-label=\"Adicione ao carrinho: &ldquo;RAIO X&rdquo;\" rel=\"nofollow\" data-success_message=\"\u201cRAIO X\u201d foi adicionado ao seu carrinho\">Adicionar ao carrinho<\/a>\t<span id=\"woocommerce_loop_add_to_cart_link_describedby_3225\" class=\"screen-reader-text\"><br \/>\n\t\t\t<\/span>\n<\/li>\n<\/ul>\n<\/div>\n\t\t\t\t\t\t\t\t<\/div>\n\t\t\t\t<\/div>\n\t\t\t\t\t<\/div>\n\t\t\t\t<\/div>\n\t\t\t\t<\/div>\n\t\t","protected":false},"excerpt":{"rendered":"","protected":false},"author":1,"featured_media":0,"parent":0,"menu_order":0,"comment_status":"closed","ping_status":"closed","template":"","meta":{"footnotes":""},"class_list":["post-451","page","type-page","status-publish","hentry"],"jetpack_sharing_enabled":true,"_links":{"self":[{"href":"https:\/\/drcheckup.com.br\/loja\/wp-json\/wp\/v2\/pages\/451","targetHints":{"allow":["GET"]}}],"collection":[{"href":"https:\/\/drcheckup.com.br\/loja\/wp-json\/wp\/v2\/pages"}],"about":[{"href":"https:\/\/drcheckup.com.br\/loja\/wp-json\/wp\/v2\/types\/page"}],"author":[{"embeddable":true,"href":"https:\/\/drcheckup.com.br\/loja\/wp-json\/wp\/v2\/users\/1"}],"replies":[{"embeddable":true,"href":"https:\/\/drcheckup.com.br\/loja\/wp-json\/wp\/v2\/comments?post=451"}],"version-history":[{"count":36,"href":"https:\/\/drcheckup.com.br\/loja\/wp-json\/wp\/v2\/pages\/451\/revisions"}],"predecessor-version":[{"id":2858,"href":"https:\/\/drcheckup.com.br\/loja\/wp-json\/wp\/v2\/pages\/451\/revisions\/2858"}],"wp:attachment":[{"href":"https:\/\/drcheckup.com.br\/loja\/wp-json\/wp\/v2\/media?parent=451"}],"curies":[{"name":"wp","href":"https:\/\/api.w.org\/{rel}","templated":true}]}}