{"id":185,"date":"2019-04-18T11:07:31","date_gmt":"2019-04-18T11:07:31","guid":{"rendered":"https:\/\/envothemes.com\/envo-ecommerce\/shop\/"},"modified":"2025-11-24T10:25:44","modified_gmt":"2025-11-24T13:25:44","slug":"laboratorio","status":"publish","type":"page","link":"https:\/\/drcheckup.com.br\/loja\/","title":{"rendered":"Pacotes de Checkup"},"content":{"rendered":"<div class=\"woocommerce columns-4 \"><div class=\"woocommerce-notices-wrapper\"><\/div><p class=\"woocommerce-result-count\" role=\"alert\" aria-relevant=\"all\" >\n\tMostrando todos os 10 resultados<\/p>\n<form class=\"woocommerce-ordering\" method=\"get\">\n\t\t<select\n\t\tname=\"orderby\"\n\t\tclass=\"orderby\"\n\t\t\t\t\taria-label=\"Pedido da loja\"\n\t\t\t>\n\t\t\t\t\t<option value=\"menu_order\"  selected='selected'>Ordena\u00e7\u00e3o padr\u00e3o<\/option>\n\t\t\t\t\t<option value=\"popularity\" >Ordenar por popularidade<\/option>\n\t\t\t\t\t<option value=\"date\" >Ordenar por mais recente<\/option>\n\t\t\t\t\t<option value=\"price\" >Ordenar por pre\u00e7o: menor para maior<\/option>\n\t\t\t\t\t<option value=\"price-desc\" >Ordenar por pre\u00e7o: maior para menor<\/option>\n\t\t\t<\/select>\n\t<input type=\"hidden\" name=\"paged\" value=\"1\" \/>\n\t<\/form>\n<ul class=\"products columns-4\">\n<li class=\"product type-product post-2177 status-publish first instock product_cat-laboratorio has-post-thumbnail virtual purchasable product-type-simple\">\n\t<a href=\"https:\/\/drcheckup.com.br\/loja\/produto\/check-up-esportivo-2\/\" class=\"woocommerce-LoopProduct-link woocommerce-loop-product__link\"><img fetchpriority=\"high\" decoding=\"async\" width=\"300\" height=\"300\" src=\"https:\/\/drcheckup.com.br\/loja\/wp-content\/uploads\/2024\/12\/Check-Up-Esportivo-300x300.webp\" class=\"attachment-woocommerce_thumbnail size-woocommerce_thumbnail\" alt=\"CHECK-UP ESPORTIVO\" srcset=\"https:\/\/drcheckup.com.br\/loja\/wp-content\/uploads\/2024\/12\/Check-Up-Esportivo-300x300.webp 300w, https:\/\/drcheckup.com.br\/loja\/wp-content\/uploads\/2024\/12\/Check-Up-Esportivo-150x150.webp 150w, https:\/\/drcheckup.com.br\/loja\/wp-content\/uploads\/2024\/12\/Check-Up-Esportivo-768x768.webp 768w, https:\/\/drcheckup.com.br\/loja\/wp-content\/uploads\/2024\/12\/Check-Up-Esportivo-600x600.webp 600w, https:\/\/drcheckup.com.br\/loja\/wp-content\/uploads\/2024\/12\/Check-Up-Esportivo-100x100.webp 100w, https:\/\/drcheckup.com.br\/loja\/wp-content\/uploads\/2024\/12\/Check-Up-Esportivo.webp 1024w\" sizes=\"(max-width: 300px) 100vw, 300px\" \/><h2 class=\"woocommerce-loop-product__title\">CHECK-UP ESPORTIVO<\/h2>\n\t<span class=\"price\"><span class=\"woocommerce-Price-amount amount\"><bdi><span class=\"woocommerce-Price-currencySymbol\">&#82;&#36;<\/span>&nbsp;452,00<\/bdi><\/span><\/span>\n<\/a><a href=\"\/loja\/wp-json\/wp\/v2\/pages\/185?add-to-cart=2177\" aria-describedby=\"woocommerce_loop_add_to_cart_link_describedby_2177\" data-quantity=\"1\" class=\"button product_type_simple add_to_cart_button ajax_add_to_cart\" data-product_id=\"2177\" data-product_sku=\"\" aria-label=\"Adicione ao carrinho: &ldquo;CHECK-UP ESPORTIVO&rdquo;\" rel=\"nofollow\" data-success_message=\"\u201cCHECK-UP ESPORTIVO\u201d foi adicionado ao seu carrinho\">Adicionar ao carrinho<\/a>\t<span id=\"woocommerce_loop_add_to_cart_link_describedby_2177\" class=\"screen-reader-text\">\n\t\t\t<\/span>\n<\/li>\n<li class=\"product type-product post-2176 status-publish instock product_cat-laboratorio has-post-thumbnail virtual purchasable product-type-simple\">\n\t<a href=\"https:\/\/drcheckup.com.br\/loja\/produto\/check-up-criancas-2\/\" class=\"woocommerce-LoopProduct-link woocommerce-loop-product__link\"><img decoding=\"async\" width=\"300\" height=\"300\" src=\"https:\/\/drcheckup.com.br\/loja\/wp-content\/uploads\/2024\/12\/Check-Up-Criancas-2-300x300.webp\" class=\"attachment-woocommerce_thumbnail size-woocommerce_thumbnail\" alt=\"CHECK-UP CRIAN\u00c7AS\" srcset=\"https:\/\/drcheckup.com.br\/loja\/wp-content\/uploads\/2024\/12\/Check-Up-Criancas-2-300x300.webp 300w, https:\/\/drcheckup.com.br\/loja\/wp-content\/uploads\/2024\/12\/Check-Up-Criancas-2-150x150.webp 150w, https:\/\/drcheckup.com.br\/loja\/wp-content\/uploads\/2024\/12\/Check-Up-Criancas-2-768x768.webp 768w, https:\/\/drcheckup.com.br\/loja\/wp-content\/uploads\/2024\/12\/Check-Up-Criancas-2-600x600.webp 600w, https:\/\/drcheckup.com.br\/loja\/wp-content\/uploads\/2024\/12\/Check-Up-Criancas-2-100x100.webp 100w, https:\/\/drcheckup.com.br\/loja\/wp-content\/uploads\/2024\/12\/Check-Up-Criancas-2.webp 1024w\" sizes=\"(max-width: 300px) 100vw, 300px\" \/><h2 class=\"woocommerce-loop-product__title\">CHECK-UP CRIAN\u00c7AS<\/h2>\n\t<span class=\"price\"><span class=\"woocommerce-Price-amount amount\"><bdi><span class=\"woocommerce-Price-currencySymbol\">&#82;&#36;<\/span>&nbsp;132,00<\/bdi><\/span><\/span>\n<\/a><a href=\"\/loja\/wp-json\/wp\/v2\/pages\/185?add-to-cart=2176\" aria-describedby=\"woocommerce_loop_add_to_cart_link_describedby_2176\" data-quantity=\"1\" class=\"button product_type_simple add_to_cart_button ajax_add_to_cart\" data-product_id=\"2176\" data-product_sku=\"\" aria-label=\"Adicione ao carrinho: &ldquo;CHECK-UP CRIAN\u00c7AS&rdquo;\" rel=\"nofollow\" data-success_message=\"\u201cCHECK-UP CRIAN\u00c7AS\u201d foi adicionado ao seu carrinho\">Adicionar ao carrinho<\/a>\t<span id=\"woocommerce_loop_add_to_cart_link_describedby_2176\" class=\"screen-reader-text\">\n\t\t\t<\/span>\n<\/li>\n<li class=\"product type-product post-2175 status-publish instock product_cat-laboratorio has-post-thumbnail virtual purchasable product-type-simple\">\n\t<a href=\"https:\/\/drcheckup.com.br\/loja\/produto\/check-up-homens-2\/\" class=\"woocommerce-LoopProduct-link woocommerce-loop-product__link\"><img decoding=\"async\" width=\"300\" height=\"300\" src=\"https:\/\/drcheckup.com.br\/loja\/wp-content\/uploads\/2024\/12\/Check-Up-Homens-300x300.webp\" class=\"attachment-woocommerce_thumbnail size-woocommerce_thumbnail\" alt=\"CHECK-UP HOMENS\" srcset=\"https:\/\/drcheckup.com.br\/loja\/wp-content\/uploads\/2024\/12\/Check-Up-Homens-300x300.webp 300w, https:\/\/drcheckup.com.br\/loja\/wp-content\/uploads\/2024\/12\/Check-Up-Homens-150x150.webp 150w, https:\/\/drcheckup.com.br\/loja\/wp-content\/uploads\/2024\/12\/Check-Up-Homens-768x768.webp 768w, https:\/\/drcheckup.com.br\/loja\/wp-content\/uploads\/2024\/12\/Check-Up-Homens-600x600.webp 600w, https:\/\/drcheckup.com.br\/loja\/wp-content\/uploads\/2024\/12\/Check-Up-Homens-100x100.webp 100w, https:\/\/drcheckup.com.br\/loja\/wp-content\/uploads\/2024\/12\/Check-Up-Homens.webp 1024w\" sizes=\"(max-width: 300px) 100vw, 300px\" \/><h2 class=\"woocommerce-loop-product__title\">CHECK-UP HOMENS<\/h2>\n\t<span class=\"price\"><span class=\"woocommerce-Price-amount amount\"><bdi><span class=\"woocommerce-Price-currencySymbol\">&#82;&#36;<\/span>&nbsp;316,00<\/bdi><\/span><\/span>\n<\/a><a href=\"\/loja\/wp-json\/wp\/v2\/pages\/185?add-to-cart=2175\" aria-describedby=\"woocommerce_loop_add_to_cart_link_describedby_2175\" data-quantity=\"1\" class=\"button product_type_simple add_to_cart_button ajax_add_to_cart\" data-product_id=\"2175\" data-product_sku=\"\" aria-label=\"Adicione ao carrinho: &ldquo;CHECK-UP HOMENS&rdquo;\" rel=\"nofollow\" data-success_message=\"\u201cCHECK-UP HOMENS\u201d foi adicionado ao seu carrinho\">Adicionar ao carrinho<\/a>\t<span id=\"woocommerce_loop_add_to_cart_link_describedby_2175\" class=\"screen-reader-text\">\n\t\t\t<\/span>\n<\/li>\n<li class=\"product type-product post-2174 status-publish last instock product_cat-laboratorio has-post-thumbnail virtual purchasable product-type-simple\">\n\t<a href=\"https:\/\/drcheckup.com.br\/loja\/produto\/check-up-jovens-2\/\" class=\"woocommerce-LoopProduct-link woocommerce-loop-product__link\"><img loading=\"lazy\" decoding=\"async\" width=\"300\" height=\"300\" src=\"https:\/\/drcheckup.com.br\/loja\/wp-content\/uploads\/2024\/12\/Check-Up-Jovens-300x300.webp\" class=\"attachment-woocommerce_thumbnail size-woocommerce_thumbnail\" alt=\"CHECK-UP JOVENS\" srcset=\"https:\/\/drcheckup.com.br\/loja\/wp-content\/uploads\/2024\/12\/Check-Up-Jovens-300x300.webp 300w, https:\/\/drcheckup.com.br\/loja\/wp-content\/uploads\/2024\/12\/Check-Up-Jovens-150x150.webp 150w, https:\/\/drcheckup.com.br\/loja\/wp-content\/uploads\/2024\/12\/Check-Up-Jovens-768x768.webp 768w, https:\/\/drcheckup.com.br\/loja\/wp-content\/uploads\/2024\/12\/Check-Up-Jovens-600x600.webp 600w, https:\/\/drcheckup.com.br\/loja\/wp-content\/uploads\/2024\/12\/Check-Up-Jovens-100x100.webp 100w, https:\/\/drcheckup.com.br\/loja\/wp-content\/uploads\/2024\/12\/Check-Up-Jovens.webp 1024w\" sizes=\"(max-width: 300px) 100vw, 300px\" \/><h2 class=\"woocommerce-loop-product__title\">CHECK-UP JOVENS<\/h2>\n\t<span class=\"price\"><span class=\"woocommerce-Price-amount amount\"><bdi><span class=\"woocommerce-Price-currencySymbol\">&#82;&#36;<\/span>&nbsp;283,20<\/bdi><\/span><\/span>\n<\/a><a href=\"\/loja\/wp-json\/wp\/v2\/pages\/185?add-to-cart=2174\" aria-describedby=\"woocommerce_loop_add_to_cart_link_describedby_2174\" data-quantity=\"1\" class=\"button product_type_simple add_to_cart_button ajax_add_to_cart\" data-product_id=\"2174\" data-product_sku=\"\" aria-label=\"Adicione ao carrinho: &ldquo;CHECK-UP JOVENS&rdquo;\" rel=\"nofollow\" data-success_message=\"\u201cCHECK-UP JOVENS\u201d foi adicionado ao seu carrinho\">Adicionar ao carrinho<\/a>\t<span id=\"woocommerce_loop_add_to_cart_link_describedby_2174\" class=\"screen-reader-text\">\n\t\t\t<\/span>\n<\/li>\n<li class=\"product type-product post-2173 status-publish first instock product_cat-laboratorio has-post-thumbnail virtual purchasable product-type-simple\">\n\t<a href=\"https:\/\/drcheckup.com.br\/loja\/produto\/check-up-mulheres-2\/\" class=\"woocommerce-LoopProduct-link woocommerce-loop-product__link\"><img loading=\"lazy\" decoding=\"async\" width=\"300\" height=\"300\" src=\"https:\/\/drcheckup.com.br\/loja\/wp-content\/uploads\/2024\/12\/Check-Up-Mulheres-300x300.webp\" class=\"attachment-woocommerce_thumbnail size-woocommerce_thumbnail\" alt=\"CHECK-UP MULHERES\" srcset=\"https:\/\/drcheckup.com.br\/loja\/wp-content\/uploads\/2024\/12\/Check-Up-Mulheres-300x300.webp 300w, https:\/\/drcheckup.com.br\/loja\/wp-content\/uploads\/2024\/12\/Check-Up-Mulheres-150x150.webp 150w, https:\/\/drcheckup.com.br\/loja\/wp-content\/uploads\/2024\/12\/Check-Up-Mulheres-768x768.webp 768w, https:\/\/drcheckup.com.br\/loja\/wp-content\/uploads\/2024\/12\/Check-Up-Mulheres-600x600.webp 600w, https:\/\/drcheckup.com.br\/loja\/wp-content\/uploads\/2024\/12\/Check-Up-Mulheres-100x100.webp 100w, https:\/\/drcheckup.com.br\/loja\/wp-content\/uploads\/2024\/12\/Check-Up-Mulheres.webp 1024w\" sizes=\"(max-width: 300px) 100vw, 300px\" \/><h2 class=\"woocommerce-loop-product__title\">CHECK-UP MULHERES<\/h2>\n\t<span class=\"price\"><span class=\"woocommerce-Price-amount amount\"><bdi><span class=\"woocommerce-Price-currencySymbol\">&#82;&#36;<\/span>&nbsp;654,00<\/bdi><\/span><\/span>\n<\/a><a href=\"\/loja\/wp-json\/wp\/v2\/pages\/185?add-to-cart=2173\" aria-describedby=\"woocommerce_loop_add_to_cart_link_describedby_2173\" data-quantity=\"1\" class=\"button product_type_simple add_to_cart_button ajax_add_to_cart\" data-product_id=\"2173\" data-product_sku=\"\" aria-label=\"Adicione ao carrinho: &ldquo;CHECK-UP MULHERES&rdquo;\" rel=\"nofollow\" data-success_message=\"\u201cCHECK-UP MULHERES\u201d foi adicionado ao seu carrinho\">Adicionar ao carrinho<\/a>\t<span id=\"woocommerce_loop_add_to_cart_link_describedby_2173\" class=\"screen-reader-text\">\n\t\t\t<\/span>\n<\/li>\n<li class=\"product type-product post-2172 status-publish instock product_cat-laboratorio has-post-thumbnail virtual purchasable product-type-simple\">\n\t<a href=\"https:\/\/drcheckup.com.br\/loja\/produto\/check-up-gestante-1o-trimestre-2\/\" class=\"woocommerce-LoopProduct-link woocommerce-loop-product__link\"><img loading=\"lazy\" decoding=\"async\" width=\"300\" height=\"300\" src=\"https:\/\/drcheckup.com.br\/loja\/wp-content\/uploads\/2024\/12\/Check-Up-Gestante-300x300.webp\" class=\"attachment-woocommerce_thumbnail size-woocommerce_thumbnail\" alt=\"CHECK-UP GESTANTE 1\u00ba Trimestre\" srcset=\"https:\/\/drcheckup.com.br\/loja\/wp-content\/uploads\/2024\/12\/Check-Up-Gestante-300x300.webp 300w, https:\/\/drcheckup.com.br\/loja\/wp-content\/uploads\/2024\/12\/Check-Up-Gestante-150x150.webp 150w, https:\/\/drcheckup.com.br\/loja\/wp-content\/uploads\/2024\/12\/Check-Up-Gestante-768x768.webp 768w, https:\/\/drcheckup.com.br\/loja\/wp-content\/uploads\/2024\/12\/Check-Up-Gestante-600x600.webp 600w, https:\/\/drcheckup.com.br\/loja\/wp-content\/uploads\/2024\/12\/Check-Up-Gestante-100x100.webp 100w, https:\/\/drcheckup.com.br\/loja\/wp-content\/uploads\/2024\/12\/Check-Up-Gestante.webp 1024w\" sizes=\"(max-width: 300px) 100vw, 300px\" \/><h2 class=\"woocommerce-loop-product__title\">CHECK-UP GESTANTE 1\u00ba Trimestre<\/h2>\n\t<span class=\"price\"><span class=\"woocommerce-Price-amount amount\"><bdi><span class=\"woocommerce-Price-currencySymbol\">&#82;&#36;<\/span>&nbsp;744,40<\/bdi><\/span><\/span>\n<\/a><a href=\"\/loja\/wp-json\/wp\/v2\/pages\/185?add-to-cart=2172\" aria-describedby=\"woocommerce_loop_add_to_cart_link_describedby_2172\" data-quantity=\"1\" class=\"button product_type_simple add_to_cart_button ajax_add_to_cart\" data-product_id=\"2172\" data-product_sku=\"\" aria-label=\"Adicione ao carrinho: &ldquo;CHECK-UP GESTANTE 1\u00ba Trimestre&rdquo;\" rel=\"nofollow\" data-success_message=\"\u201cCHECK-UP GESTANTE 1\u00ba Trimestre\u201d foi adicionado ao seu carrinho\">Adicionar ao carrinho<\/a>\t<span id=\"woocommerce_loop_add_to_cart_link_describedby_2172\" class=\"screen-reader-text\">\n\t\t\t<\/span>\n<\/li>\n<li class=\"product type-product post-2171 status-publish instock product_cat-laboratorio has-post-thumbnail purchasable product-type-simple\">\n\t<a href=\"https:\/\/drcheckup.com.br\/loja\/produto\/check-up-gestante-2o-trimestre-2\/\" class=\"woocommerce-LoopProduct-link woocommerce-loop-product__link\"><img loading=\"lazy\" decoding=\"async\" width=\"300\" height=\"300\" src=\"https:\/\/drcheckup.com.br\/loja\/wp-content\/uploads\/2024\/12\/Check-Up-Gestante-300x300.webp\" class=\"attachment-woocommerce_thumbnail size-woocommerce_thumbnail\" alt=\"CHECK-UP GESTANTE 2\u00ba Trimestre\" srcset=\"https:\/\/drcheckup.com.br\/loja\/wp-content\/uploads\/2024\/12\/Check-Up-Gestante-300x300.webp 300w, https:\/\/drcheckup.com.br\/loja\/wp-content\/uploads\/2024\/12\/Check-Up-Gestante-150x150.webp 150w, https:\/\/drcheckup.com.br\/loja\/wp-content\/uploads\/2024\/12\/Check-Up-Gestante-768x768.webp 768w, https:\/\/drcheckup.com.br\/loja\/wp-content\/uploads\/2024\/12\/Check-Up-Gestante-600x600.webp 600w, https:\/\/drcheckup.com.br\/loja\/wp-content\/uploads\/2024\/12\/Check-Up-Gestante-100x100.webp 100w, https:\/\/drcheckup.com.br\/loja\/wp-content\/uploads\/2024\/12\/Check-Up-Gestante.webp 1024w\" sizes=\"(max-width: 300px) 100vw, 300px\" \/><h2 class=\"woocommerce-loop-product__title\">CHECK-UP GESTANTE 2\u00ba Trimestre<\/h2>\n\t<span class=\"price\"><span class=\"woocommerce-Price-amount amount\"><bdi><span class=\"woocommerce-Price-currencySymbol\">&#82;&#36;<\/span>&nbsp;296,00<\/bdi><\/span><\/span>\n<\/a><a href=\"\/loja\/wp-json\/wp\/v2\/pages\/185?add-to-cart=2171\" aria-describedby=\"woocommerce_loop_add_to_cart_link_describedby_2171\" data-quantity=\"1\" class=\"button product_type_simple add_to_cart_button ajax_add_to_cart\" data-product_id=\"2171\" data-product_sku=\"\" aria-label=\"Adicione ao carrinho: &ldquo;CHECK-UP GESTANTE 2\u00ba Trimestre&rdquo;\" rel=\"nofollow\" data-success_message=\"\u201cCHECK-UP GESTANTE 2\u00ba Trimestre\u201d foi adicionado ao seu carrinho\">Adicionar ao carrinho<\/a>\t<span id=\"woocommerce_loop_add_to_cart_link_describedby_2171\" class=\"screen-reader-text\">\n\t\t\t<\/span>\n<\/li>\n<li class=\"product type-product post-2170 status-publish last instock product_cat-laboratorio has-post-thumbnail virtual purchasable product-type-simple\">\n\t<a href=\"https:\/\/drcheckup.com.br\/loja\/produto\/check-up-gestante-3o-trimestre-2\/\" class=\"woocommerce-LoopProduct-link woocommerce-loop-product__link\"><img loading=\"lazy\" decoding=\"async\" width=\"300\" height=\"300\" src=\"https:\/\/drcheckup.com.br\/loja\/wp-content\/uploads\/2024\/12\/Check-Up-Gestante-300x300.webp\" class=\"attachment-woocommerce_thumbnail size-woocommerce_thumbnail\" alt=\"CHECK-UP GESTANTE 3\u00ba Trimestre\" srcset=\"https:\/\/drcheckup.com.br\/loja\/wp-content\/uploads\/2024\/12\/Check-Up-Gestante-300x300.webp 300w, https:\/\/drcheckup.com.br\/loja\/wp-content\/uploads\/2024\/12\/Check-Up-Gestante-150x150.webp 150w, https:\/\/drcheckup.com.br\/loja\/wp-content\/uploads\/2024\/12\/Check-Up-Gestante-768x768.webp 768w, https:\/\/drcheckup.com.br\/loja\/wp-content\/uploads\/2024\/12\/Check-Up-Gestante-600x600.webp 600w, https:\/\/drcheckup.com.br\/loja\/wp-content\/uploads\/2024\/12\/Check-Up-Gestante-100x100.webp 100w, https:\/\/drcheckup.com.br\/loja\/wp-content\/uploads\/2024\/12\/Check-Up-Gestante.webp 1024w\" sizes=\"(max-width: 300px) 100vw, 300px\" \/><h2 class=\"woocommerce-loop-product__title\">CHECK-UP GESTANTE 3\u00ba Trimestre<\/h2>\n\t<span class=\"price\"><span class=\"woocommerce-Price-amount amount\"><bdi><span class=\"woocommerce-Price-currencySymbol\">&#82;&#36;<\/span>&nbsp;384,00<\/bdi><\/span><\/span>\n<\/a><a href=\"\/loja\/wp-json\/wp\/v2\/pages\/185?add-to-cart=2170\" aria-describedby=\"woocommerce_loop_add_to_cart_link_describedby_2170\" data-quantity=\"1\" class=\"button product_type_simple add_to_cart_button ajax_add_to_cart\" data-product_id=\"2170\" data-product_sku=\"\" aria-label=\"Adicione ao carrinho: &ldquo;CHECK-UP GESTANTE 3\u00ba Trimestre&rdquo;\" rel=\"nofollow\" data-success_message=\"\u201cCHECK-UP GESTANTE 3\u00ba Trimestre\u201d foi adicionado ao seu carrinho\">Adicionar ao carrinho<\/a>\t<span id=\"woocommerce_loop_add_to_cart_link_describedby_2170\" class=\"screen-reader-text\">\n\t\t\t<\/span>\n<\/li>\n<li class=\"product type-product post-2169 status-publish first instock product_cat-laboratorio has-post-thumbnail purchasable product-type-simple\">\n\t<a href=\"https:\/\/drcheckup.com.br\/loja\/produto\/check-up-maturidade-homem-2\/\" class=\"woocommerce-LoopProduct-link woocommerce-loop-product__link\"><img loading=\"lazy\" decoding=\"async\" width=\"300\" height=\"300\" src=\"https:\/\/drcheckup.com.br\/loja\/wp-content\/uploads\/2024\/12\/Check-Up-Maturidade-Homem-300x300.webp\" class=\"attachment-woocommerce_thumbnail size-woocommerce_thumbnail\" alt=\"CHECK-UP MATURIDADE HOMEM\" srcset=\"https:\/\/drcheckup.com.br\/loja\/wp-content\/uploads\/2024\/12\/Check-Up-Maturidade-Homem-300x300.webp 300w, https:\/\/drcheckup.com.br\/loja\/wp-content\/uploads\/2024\/12\/Check-Up-Maturidade-Homem-150x150.webp 150w, https:\/\/drcheckup.com.br\/loja\/wp-content\/uploads\/2024\/12\/Check-Up-Maturidade-Homem-768x768.webp 768w, https:\/\/drcheckup.com.br\/loja\/wp-content\/uploads\/2024\/12\/Check-Up-Maturidade-Homem-600x600.webp 600w, https:\/\/drcheckup.com.br\/loja\/wp-content\/uploads\/2024\/12\/Check-Up-Maturidade-Homem-100x100.webp 100w, https:\/\/drcheckup.com.br\/loja\/wp-content\/uploads\/2024\/12\/Check-Up-Maturidade-Homem.webp 1024w\" sizes=\"(max-width: 300px) 100vw, 300px\" \/><h2 class=\"woocommerce-loop-product__title\">CHECK-UP MATURIDADE HOMEM<\/h2>\n\t<span class=\"price\"><span class=\"woocommerce-Price-amount amount\"><bdi><span class=\"woocommerce-Price-currencySymbol\">&#82;&#36;<\/span>&nbsp;457,60<\/bdi><\/span><\/span>\n<\/a><a href=\"\/loja\/wp-json\/wp\/v2\/pages\/185?add-to-cart=2169\" aria-describedby=\"woocommerce_loop_add_to_cart_link_describedby_2169\" data-quantity=\"1\" class=\"button product_type_simple add_to_cart_button ajax_add_to_cart\" data-product_id=\"2169\" data-product_sku=\"\" aria-label=\"Adicione ao carrinho: &ldquo;CHECK-UP MATURIDADE HOMEM&rdquo;\" rel=\"nofollow\" data-success_message=\"\u201cCHECK-UP MATURIDADE HOMEM\u201d foi adicionado ao seu carrinho\">Adicionar ao carrinho<\/a>\t<span id=\"woocommerce_loop_add_to_cart_link_describedby_2169\" class=\"screen-reader-text\">\n\t\t\t<\/span>\n<\/li>\n<li class=\"product type-product post-2168 status-publish instock product_cat-laboratorio has-post-thumbnail purchasable product-type-simple\">\n\t<a href=\"https:\/\/drcheckup.com.br\/loja\/produto\/check-up-maturidade-mulher-2\/\" class=\"woocommerce-LoopProduct-link woocommerce-loop-product__link\"><img loading=\"lazy\" decoding=\"async\" width=\"300\" height=\"300\" src=\"https:\/\/drcheckup.com.br\/loja\/wp-content\/uploads\/2024\/12\/Check-Up-Maturidade-Mulher-300x300.webp\" class=\"attachment-woocommerce_thumbnail size-woocommerce_thumbnail\" alt=\"CHECK-UP MATURIDADE MULHER\" srcset=\"https:\/\/drcheckup.com.br\/loja\/wp-content\/uploads\/2024\/12\/Check-Up-Maturidade-Mulher-300x300.webp 300w, https:\/\/drcheckup.com.br\/loja\/wp-content\/uploads\/2024\/12\/Check-Up-Maturidade-Mulher-150x150.webp 150w, https:\/\/drcheckup.com.br\/loja\/wp-content\/uploads\/2024\/12\/Check-Up-Maturidade-Mulher-768x768.webp 768w, https:\/\/drcheckup.com.br\/loja\/wp-content\/uploads\/2024\/12\/Check-Up-Maturidade-Mulher-600x600.webp 600w, https:\/\/drcheckup.com.br\/loja\/wp-content\/uploads\/2024\/12\/Check-Up-Maturidade-Mulher-100x100.webp 100w, https:\/\/drcheckup.com.br\/loja\/wp-content\/uploads\/2024\/12\/Check-Up-Maturidade-Mulher.webp 1024w\" sizes=\"(max-width: 300px) 100vw, 300px\" \/><h2 class=\"woocommerce-loop-product__title\">CHECK-UP MATURIDADE MULHER<\/h2>\n\t<span class=\"price\"><span class=\"woocommerce-Price-amount amount\"><bdi><span class=\"woocommerce-Price-currencySymbol\">&#82;&#36;<\/span>&nbsp;322,80<\/bdi><\/span><\/span>\n<\/a><a href=\"\/loja\/wp-json\/wp\/v2\/pages\/185?add-to-cart=2168\" aria-describedby=\"woocommerce_loop_add_to_cart_link_describedby_2168\" data-quantity=\"1\" class=\"button product_type_simple add_to_cart_button ajax_add_to_cart\" data-product_id=\"2168\" data-product_sku=\"\" aria-label=\"Adicione ao carrinho: &ldquo;CHECK-UP MATURIDADE MULHER&rdquo;\" rel=\"nofollow\" data-success_message=\"\u201cCHECK-UP MATURIDADE MULHER\u201d foi adicionado ao seu carrinho\">Adicionar ao carrinho<\/a>\t<span id=\"woocommerce_loop_add_to_cart_link_describedby_2168\" class=\"screen-reader-text\">\n\t\t\t<\/span>\n<\/li>\n<\/ul>\n<\/div>\n","protected":false},"excerpt":{"rendered":"","protected":false},"author":1,"featured_media":0,"parent":0,"menu_order":0,"comment_status":"closed","ping_status":"closed","template":"elementor_theme","meta":{"footnotes":""},"class_list":["post-185","page","type-page","status-publish","hentry"],"jetpack_sharing_enabled":true,"_links":{"self":[{"href":"https:\/\/drcheckup.com.br\/loja\/wp-json\/wp\/v2\/pages\/185","targetHints":{"allow":["GET"]}}],"collection":[{"href":"https:\/\/drcheckup.com.br\/loja\/wp-json\/wp\/v2\/pages"}],"about":[{"href":"https:\/\/drcheckup.com.br\/loja\/wp-json\/wp\/v2\/types\/page"}],"author":[{"embeddable":true,"href":"https:\/\/drcheckup.com.br\/loja\/wp-json\/wp\/v2\/users\/1"}],"replies":[{"embeddable":true,"href":"https:\/\/drcheckup.com.br\/loja\/wp-json\/wp\/v2\/comments?post=185"}],"version-history":[{"count":4,"href":"https:\/\/drcheckup.com.br\/loja\/wp-json\/wp\/v2\/pages\/185\/revisions"}],"predecessor-version":[{"id":3710,"href":"https:\/\/drcheckup.com.br\/loja\/wp-json\/wp\/v2\/pages\/185\/revisions\/3710"}],"wp:attachment":[{"href":"https:\/\/drcheckup.com.br\/loja\/wp-json\/wp\/v2\/media?parent=185"}],"curies":[{"name":"wp","href":"https:\/\/api.w.org\/{rel}","templated":true}]}}